{"id":1004,"date":"2024-04-09T13:39:05","date_gmt":"2024-04-09T13:39:05","guid":{"rendered":"http:\/\/shoptimizer.local\/?page_id=848"},"modified":"2024-05-27T22:32:01","modified_gmt":"2024-05-27T22:32:01","slug":"uber-mariehone","status":"publish","type":"page","link":"https:\/\/mariehone.com\/de\/uber-mariehone\/","title":{"rendered":"\u00dcber Mariehone"},"content":{"rendered":"<div data-elementor-type=\"wp-post\" data-elementor-id=\"1004\" class=\"elementor elementor-1004\">\n\t\t\t\t\t\t<section class=\"elementor-section elementor-top-section elementor-element elementor-element-1e0fc97a elementor-section-stretched elementor-section-boxed elementor-section-height-default elementor-section-height-default\" data-id=\"1e0fc97a\" data-element_type=\"section\" data-e-type=\"section\" data-settings=\"{&quot;stretch_section&quot;:&quot;section-stretched&quot;,&quot;background_background&quot;:&quot;classic&quot;}\">\n\t\t\t\t\t\t<div class=\"elementor-container elementor-column-gap-no\">\n\t\t\t\t\t<div class=\"elementor-column elementor-col-100 elementor-top-column elementor-element elementor-element-581b37bd\" data-id=\"581b37bd\" data-element_type=\"column\" data-e-type=\"column\">\n\t\t\t<div class=\"elementor-widget-wrap elementor-element-populated\">\n\t\t\t\t\t\t<section class=\"elementor-section elementor-inner-section elementor-element elementor-element-3305ba5b elementor-section-boxed elementor-section-height-default elementor-section-height-default\" data-id=\"3305ba5b\" data-element_type=\"section\" data-e-type=\"section\">\n\t\t\t\t\t\t<div class=\"elementor-container elementor-column-gap-default\">\n\t\t\t\t\t<div class=\"elementor-column elementor-col-50 elementor-inner-column elementor-element elementor-element-32084585\" data-id=\"32084585\" data-element_type=\"column\" data-e-type=\"column\">\n\t\t\t<div class=\"elementor-widget-wrap elementor-element-populated\">\n\t\t\t\t\t\t<div class=\"elementor-element elementor-element-990c0bd elementor-invisible elementor-widget elementor-widget-heading\" data-id=\"990c0bd\" data-element_type=\"widget\" data-e-type=\"widget\" data-settings=\"{&quot;_animation&quot;:&quot;fadeInUp&quot;}\" data-widget_type=\"heading.default\">\n\t\t\t\t<div class=\"elementor-widget-container\">\n\t\t\t\t\t<h1 class=\"elementor-heading-title elementor-size-default\">\u00dcber uns<\/h1>\t\t\t\t<\/div>\n\t\t\t\t<\/div>\n\t\t\t\t<div class=\"elementor-element elementor-element-1bf3e3a8 elementor-invisible elementor-widget elementor-widget-heading\" data-id=\"1bf3e3a8\" data-element_type=\"widget\" data-e-type=\"widget\" data-settings=\"{&quot;_animation&quot;:&quot;fadeInDown&quot;}\" data-widget_type=\"heading.default\">\n\t\t\t\t<div class=\"elementor-widget-container\">\n\t\t\t\t\t<h2 class=\"elementor-heading-title elementor-size-default\">Wir sind eine Marke, die in Mutter Natur hineingeboren wurde. Es ist Zeit, ein neues Gef\u00fchl zu schaffen.<\/h2>\t\t\t\t<\/div>\n\t\t\t\t<\/div>\n\t\t\t\t\t<\/div>\n\t\t<\/div>\n\t\t\t\t<div class=\"elementor-column elementor-col-50 elementor-inner-column elementor-element elementor-element-2bc3b2f8\" data-id=\"2bc3b2f8\" data-element_type=\"column\" data-e-type=\"column\">\n\t\t\t<div class=\"elementor-widget-wrap\">\n\t\t\t\t\t\t\t<\/div>\n\t\t<\/div>\n\t\t\t\t\t<\/div>\n\t\t<\/section>\n\t\t\t\t\t<\/div>\n\t\t<\/div>\n\t\t\t\t\t<\/div>\n\t\t<\/section>\n\t\t\t\t<section class=\"elementor-section elementor-top-section elementor-element elementor-element-3d985f0d elementor-section-boxed elementor-section-height-default elementor-section-height-default\" data-id=\"3d985f0d\" data-element_type=\"section\" data-e-type=\"section\">\n\t\t\t\t\t\t<div class=\"elementor-container elementor-column-gap-default\">\n\t\t\t\t\t<div class=\"elementor-column elementor-col-100 elementor-top-column elementor-element elementor-element-4ed4cb79\" data-id=\"4ed4cb79\" data-element_type=\"column\" data-e-type=\"column\">\n\t\t\t<div class=\"elementor-widget-wrap elementor-element-populated\">\n\t\t\t\t\t\t<div class=\"elementor-element elementor-element-2c76a128 elementor-widget elementor-widget-heading\" data-id=\"2c76a128\" data-element_type=\"widget\" data-e-type=\"widget\" data-widget_type=\"heading.default\">\n\t\t\t\t<div class=\"elementor-widget-container\">\n\t\t\t\t\t<h2 class=\"elementor-heading-title elementor-size-default\">WER WIR SIND<\/h2>\t\t\t\t<\/div>\n\t\t\t\t<\/div>\n\t\t\t\t<div class=\"elementor-element elementor-element-6ac4fe83 elementor-widget elementor-widget-text-editor\" data-id=\"6ac4fe83\" data-element_type=\"widget\" data-e-type=\"widget\" data-widget_type=\"text-editor.default\">\n\t\t\t\t<div class=\"elementor-widget-container\">\n\t\t\t\t\t\t\t\t\t<p>Handgestrickte Wolle und Makramee erfreuen sich immer gr\u00f6\u00dferer Beliebtheit, vor allem bei Frauen. Als einer der neuen Lieferanten von Handstrickprodukten in Europa bietet Mariehone verschiedene Makramee-Seile aus 100% recycelter Baumwolle an, an denen sich jeder erfreuen kann - vom Hobbyisten bis zum Modedesigner. Die Makramee-Produkte gibt es in Dutzenden von verschiedenen Farb- und Typkombinationen, damit jeder genau das findet, was er sucht.<\/p><p>Das Unternehmen hat auch damit begonnen, verschiedene andere Baumwollsorten sowie solche aus 100%-Recyclinggarn anzubieten und zu versenden, wie z. B. Acrylbaumwolle, Baumwollviskose und verschiedene Makramee-Kordeln, die f\u00fcr verschiedene Zwecke verwendet werden k\u00f6nnen.<\/p><p>Als Unternehmen, das auf Innovation setzt und Produkte von h\u00f6chster Qualit\u00e4t anbietet, will Mariehone diesen Trend fortsetzen, indem es seine Aktivit\u00e4ten auf 100% recycelte d\u00fcnne, haltbare und kuschelige F\u00e4den in der Bekleidungslinie ausweitet. Das Unternehmen beabsichtigt auch, seine aktuellen Aktivit\u00e4ten zu erweitern und neue Einheiten f\u00fcr ihren Katalog einzuf\u00fchren.<\/p><p>Insgesamt sieht die Zukunft f\u00fcr Mariehone... spannend aus.<\/p>\t\t\t\t\t\t\t\t<\/div>\n\t\t\t\t<\/div>\n\t\t\t\t\t<\/div>\n\t\t<\/div>\n\t\t\t\t\t<\/div>\n\t\t<\/section>\n\t\t\t\t<\/div>","protected":false},"excerpt":{"rendered":"<p>\u00dcber uns Wir sind eine Marke, die in Mutter Natur geboren wurde. Es ist an der Zeit, ein neues Gef\u00fchl zu schaffen. WER WIR SIND Als ein wachsendes Hobby, vor allem f\u00fcr Damen, werden Handstrickwolle und Makramee mit den Jahren immer beliebter. Als einer der neuen Lieferanten von Handstrickprodukten in Europa, [...]<\/p>","protected":false},"author":1,"featured_media":0,"parent":0,"menu_order":0,"comment_status":"closed","ping_status":"closed","template":"template-fullwidth-no-heading.php","meta":{"footnotes":""},"class_list":["post-1004","page","type-page","status-publish","hentry"],"_links":{"self":[{"href":"https:\/\/mariehone.com\/de\/wp-json\/wp\/v2\/pages\/1004","targetHints":{"allow":["GET"]}}],"collection":[{"href":"https:\/\/mariehone.com\/de\/wp-json\/wp\/v2\/pages"}],"about":[{"href":"https:\/\/mariehone.com\/de\/wp-json\/wp\/v2\/types\/page"}],"author":[{"embeddable":true,"href":"https:\/\/mariehone.com\/de\/wp-json\/wp\/v2\/users\/1"}],"replies":[{"embeddable":true,"href":"https:\/\/mariehone.com\/de\/wp-json\/wp\/v2\/comments?post=1004"}],"version-history":[{"count":5,"href":"https:\/\/mariehone.com\/de\/wp-json\/wp\/v2\/pages\/1004\/revisions"}],"predecessor-version":[{"id":7944,"href":"https:\/\/mariehone.com\/de\/wp-json\/wp\/v2\/pages\/1004\/revisions\/7944"}],"wp:attachment":[{"href":"https:\/\/mariehone.com\/de\/wp-json\/wp\/v2\/media?parent=1004"}],"curies":[{"name":"wp","href":"https:\/\/api.w.org\/{rel}","templated":true}]}}