{"id":7157,"date":"2024-05-27T20:30:10","date_gmt":"2024-05-27T20:30:10","guid":{"rendered":"https:\/\/mariehone.com\/?post_type=product&#038;p=7157"},"modified":"2024-07-05T14:05:42","modified_gmt":"2024-07-05T11:05:42","slug":"oko-makramee","status":"publish","type":"product","link":"https:\/\/mariehone.com\/de\/produkt\/oko-makramee\/","title":{"rendered":"\u00d6ko-Makrame"},"content":{"rendered":"<p>Eco Macrame ist ein besonders nachhaltiges Garn, das in mittlerer St\u00e4rke strukturiert ist. Es eignet sich bestens zum Stricken und H\u00e4keln f\u00fcr Macrame-Projekte, Wohnaccessoires, Korbflechten, Taschen und mehr.<br \/>\nEco Macrame Garn ist 100% recycelten Materialien hergestellt, es ist weich, d\u00fcnn, langlebig und gem\u00fctlich Garn. Empfohlen, um mit 4-5 Nummer H\u00e4kelnadeln zu n\u00e4hen.<br \/>\nIm Mariehone-Katalog finden Sie ca. 20 Farben von Eco Macrame Garn!<\/p>\n<p><strong>ECO MACRAME -<\/strong> <strong>Mariehone's Eco Macrame Yarn (Garn aus recycelter Baumwolle),<\/strong> aus Baumwollstoffst\u00fccken, die sonst beim Zuschneiden f\u00fcr die Herstellung von T-Shirts weggeworfen w\u00fcrden, reduziert den Abfall und schont die Ressourcen. Diese Schnitte sind nach Farben sortiert, <strong>Entf\u00e4rben<\/strong> f\u00fcr das endg\u00fcltige Garn erforderlich.<\/p>\n<p>Mariehones \u00d6ko-Makrame-Garn ist 100% Recycelte Baumwolle 250g. 225m.  Dieses Garn in Form einer Kordel ist speziell f\u00fcr das Weben von durchbrochenen Makramee-Kunstwerken konzipiert. Es eignet sich auch zum H\u00e4keln und Stricken. Die Garnlinie wird Sie mit einer vielf\u00e4ltigen Farbpalette begeistern, <strong>alle Farben des Eco Macrame<\/strong> sind perfekt miteinander kombiniert. Nachhaltig und weich dieses Baumwollgarn angenehm f\u00fcr den K\u00f6rper. Mariehones Eco Macrame Baumwollgarn kann verwendet werden, um originelle Umh\u00e4nge, Schals, sowie Handtaschen und H\u00fcte, auch Makramee-Projekte zu stricken.<\/p>\n<p><strong>Marke Mariehone<\/strong> Eco-Macrame ist mehr als 20 Arten von Produkten und eine riesige Auswahl an Farben. Das Unternehmen verfolgt die Trends in der Welt der Handarbeit und entwickelt regelm\u00e4\u00dfig neue Arten von Phantasiegarn.<\/p>","protected":false},"excerpt":{"rendered":"<p><strong><span style=\"color: #000000;\">INHALT UND EMPFOHLEN:<\/span><\/strong><\/p>\n<ul>\n<li>80% Recycelte Baumwolle, 20% Polyester<\/li>\n<li>200 m Jede 250 Gr Kugel<\/li>\n<li>2 mm - d\u00fcnn und langlebig, flexibel und leicht zu verarbeiten<\/li>\n<li>4-5 mm Nadelh\u00e4keln, H\u00e4kelnadel<\/li>\n<li>Oeke-tex Zertifiziert<\/li>\n<\/ul>\n<details close>\n<summary>Kaufdetails<\/summary>\n<div class=\"cg-accordion-item\">\n<ul>\n<li><strong>Mindestbestellmenge (pro Farbe):<\/strong> 50 kg<\/li>\n<li><strong>Vorlaufzeit:<\/strong> 20-30 Tage<\/li>\n<li><strong>Versand:<\/strong> Seefracht, Eisenbahnfracht, Luftfracht, Stra\u00dfenfracht<\/li>\n<li><strong>Zahlungsbedingungen:<\/strong> T\/T (Bank\u00fcberweisung), L\/C (Akkreditiv)<\/li>\n<\/ul>\n<\/div>\n<\/details>","protected":false},"featured_media":7190,"comment_status":"open","ping_status":"closed","template":"","meta":[],"product_brand":[],"product_cat":[50],"product_tag":[],"class_list":{"0":"post-7157","1":"product","2":"type-product","3":"status-publish","4":"has-post-thumbnail","6":"product_cat-recycled-yarns","8":"first","9":"instock","10":"shipping-taxable","11":"purchasable","12":"product-type-variable"},"_links":{"self":[{"href":"https:\/\/mariehone.com\/de\/wp-json\/wp\/v2\/product\/7157","targetHints":{"allow":["GET"]}}],"collection":[{"href":"https:\/\/mariehone.com\/de\/wp-json\/wp\/v2\/product"}],"about":[{"href":"https:\/\/mariehone.com\/de\/wp-json\/wp\/v2\/types\/product"}],"replies":[{"embeddable":true,"href":"https:\/\/mariehone.com\/de\/wp-json\/wp\/v2\/comments?post=7157"}],"version-history":[{"count":2,"href":"https:\/\/mariehone.com\/de\/wp-json\/wp\/v2\/product\/7157\/revisions"}],"predecessor-version":[{"id":8109,"href":"https:\/\/mariehone.com\/de\/wp-json\/wp\/v2\/product\/7157\/revisions\/8109"}],"wp:featuredmedia":[{"embeddable":true,"href":"https:\/\/mariehone.com\/de\/wp-json\/wp\/v2\/media\/7190"}],"wp:attachment":[{"href":"https:\/\/mariehone.com\/de\/wp-json\/wp\/v2\/media?parent=7157"}],"wp:term":[{"taxonomy":"product_brand","embeddable":true,"href":"https:\/\/mariehone.com\/de\/wp-json\/wp\/v2\/product_brand?post=7157"},{"taxonomy":"product_cat","embeddable":true,"href":"https:\/\/mariehone.com\/de\/wp-json\/wp\/v2\/product_cat?post=7157"},{"taxonomy":"product_tag","embeddable":true,"href":"https:\/\/mariehone.com\/de\/wp-json\/wp\/v2\/product_tag?post=7157"}],"curies":[{"name":"wp","href":"https:\/\/api.w.org\/{rel}","templated":true}]}}