{"id":7158,"date":"2024-05-27T20:30:10","date_gmt":"2024-05-27T20:30:10","guid":{"rendered":"https:\/\/mariehone.com\/?post_type=product&#038;p=7158"},"modified":"2024-07-05T14:04:53","modified_gmt":"2024-07-05T11:04:53","slug":"eco-macrame-xxl","status":"publish","type":"product","link":"https:\/\/mariehone.com\/de\/produkt\/eco-macrame-xxl\/","title":{"rendered":"Eco Makramee XXL"},"content":{"rendered":"<p>Eco Macrame XXl geh\u00f6rt ebenfalls zu den upgecycelten Garnen. Es ist eine r\u00f6hrenf\u00f6rmige Struktur in einer Kette gestrickt wie Macrame Cord Garn. Verwenden Sie es zum Stricken von Wohnaccessoires wie Teppichen, Handarbeitsprojekten, geflochtenen K\u00f6rben, Taschen, Kerzenhaltern, Blument\u00f6pfen und mehr!<\/p>\n<p>Es wird empfohlen, mit H\u00e4kelnadeln der St\u00e4rke 4-5 zu n\u00e4hen.<\/p>\n<p>Im Mariehone-Katalog finden Sie ca. 32 Farben des Eco Macrame XXL Garns!<\/p>","protected":false},"excerpt":{"rendered":"<p><strong><span style=\"color: #000000;\">INHALT UND EMPFOHLEN:<\/span><\/strong><\/p>\n<ul>\n<li>80% Recycelte Baumwolle, 20% Polyester<\/li>\n<li>80 m Jede 250 Gr Kugel<\/li>\n<li>4 mm - Dicke, langlebig, flexibel und leicht zu verarbeiten<\/li>\n<li>4-5 mm Nadelh\u00e4keln, H\u00e4kelnadel<\/li>\n<li>Oeke-tex zertifiziert<\/li>\n<\/ul>\n<details close>\n<summary>Kaufdetails<\/summary>\n<div class=\"cg-accordion-item\">\n<ul>\n<li><strong>Mindestbestellmenge (pro Farbe):<\/strong> 50 kg<\/li>\n<li><strong>Vorlaufzeit:<\/strong> 20-30 Tage<\/li>\n<li><strong>Versand:<\/strong> Seefracht, Eisenbahnfracht, Luftfracht, Stra\u00dfenfracht<\/li>\n<li><strong>Zahlungsbedingungen:<\/strong> T\/T (Bank\u00fcberweisung), L\/C (Akkreditiv)<\/li>\n<\/ul>\n<\/div>\n<\/details>","protected":false},"featured_media":7197,"comment_status":"open","ping_status":"closed","template":"","meta":[],"product_brand":[],"product_cat":[50],"product_tag":[],"class_list":{"0":"post-7158","1":"product","2":"type-product","3":"status-publish","4":"has-post-thumbnail","6":"product_cat-recycled-yarns","8":"first","9":"instock","10":"shipping-taxable","11":"purchasable","12":"product-type-variable"},"_links":{"self":[{"href":"https:\/\/mariehone.com\/de\/wp-json\/wp\/v2\/product\/7158","targetHints":{"allow":["GET"]}}],"collection":[{"href":"https:\/\/mariehone.com\/de\/wp-json\/wp\/v2\/product"}],"about":[{"href":"https:\/\/mariehone.com\/de\/wp-json\/wp\/v2\/types\/product"}],"replies":[{"embeddable":true,"href":"https:\/\/mariehone.com\/de\/wp-json\/wp\/v2\/comments?post=7158"}],"version-history":[{"count":3,"href":"https:\/\/mariehone.com\/de\/wp-json\/wp\/v2\/product\/7158\/revisions"}],"predecessor-version":[{"id":8095,"href":"https:\/\/mariehone.com\/de\/wp-json\/wp\/v2\/product\/7158\/revisions\/8095"}],"wp:featuredmedia":[{"embeddable":true,"href":"https:\/\/mariehone.com\/de\/wp-json\/wp\/v2\/media\/7197"}],"wp:attachment":[{"href":"https:\/\/mariehone.com\/de\/wp-json\/wp\/v2\/media?parent=7158"}],"wp:term":[{"taxonomy":"product_brand","embeddable":true,"href":"https:\/\/mariehone.com\/de\/wp-json\/wp\/v2\/product_brand?post=7158"},{"taxonomy":"product_cat","embeddable":true,"href":"https:\/\/mariehone.com\/de\/wp-json\/wp\/v2\/product_cat?post=7158"},{"taxonomy":"product_tag","embeddable":true,"href":"https:\/\/mariehone.com\/de\/wp-json\/wp\/v2\/product_tag?post=7158"}],"curies":[{"name":"wp","href":"https:\/\/api.w.org\/{rel}","templated":true}]}}