{"id":7159,"date":"2024-05-27T20:30:11","date_gmt":"2024-05-27T20:30:11","guid":{"rendered":"https:\/\/mariehone.com\/?post_type=product&#038;p=7159"},"modified":"2024-07-05T14:05:24","modified_gmt":"2024-07-05T11:05:24","slug":"makramee-seil-4-mm","status":"publish","type":"product","link":"https:\/\/mariehone.com\/de\/produkt\/makramee-seil-4-mm\/","title":{"rendered":"Makramee-Seil 4 MM"},"content":{"rendered":"<p>Makramee Seil Garn, das immer auf unserer Tagesordnung ist und f\u00fcgt Spa\u00df zu unseren Hobbys - gemacht 100% recycelt. Ideal f\u00fcr die Herstellung von Makramee Projekte wie, Hand machen, Handwerk Mode, Wanddekorationen, was auch immer in Ihrem Kopf!<\/p>\n<p>Hergestellt aus 100% recycelter Baumwolle, 3'ply, 250 gr 45 m pro Ball.<\/p>\n<p>Im Mariehone-Katalog finden Sie ca. 31 Farben von Macrame Rope Garn!<\/p>\n<p>Makramee ist eine aus S\u00fcdamerika stammende Form des Schnurhandwerks. Es wird auch Makramee genannt und ist eine Art geknotete Schnurkunst. Makramee verwendet nat\u00fcrliche Materialien wie Pflanzenfasern und Naturstoffe, um sch\u00f6ne und n\u00fctzliche Gegenst\u00e4nde zu schaffen. Beim Makramee werden komplizierte Muster mit unterschiedlichen Gewichten in ein Seil gekn\u00fcpft, um ein ornamentales Design zu schaffen. Makramee ist ein kreatives Ventil, mit dem man sich selbst ausdr\u00fccken kann.<\/p>\n<p>&nbsp;<\/p>","protected":false},"excerpt":{"rendered":"<p><strong><span style=\"color: #000000;\">INHALT UND EMPFOHLEN:<\/span><\/strong><\/p>\n<ul>\n<li>80% Recycelte Baumwolle, 20% Polyester<\/li>\n<li>45 m je 250 gr Kugel<\/li>\n<li>4 mm - Dicke, dauerhaft, flexibel und leicht zu verarbeiten<\/li>\n<li>8-10 mm Nadel<\/li>\n<li>Oeke-tex-zertifiziert<\/li>\n<\/ul>\n<details close>\n<summary>Kaufdetails<\/summary>\n<div class=\"cg-accordion-item\">\n<ul>\n<li><strong>Mindestbestellmenge (pro Farbe):<\/strong> 50 kg<\/li>\n<li><strong>Vorlaufzeit:<\/strong> 20-30 Tage<\/li>\n<li><strong>Versand:<\/strong> Seefracht, Eisenbahnfracht, Luftfracht, Stra\u00dfenfracht<\/li>\n<li><strong>Zahlungsbedingungen:<\/strong> T\/T (Bank\u00fcberweisung), L\/C (Akkreditiv)<\/li>\n<\/ul>\n<\/div>\n<\/details>","protected":false},"featured_media":7198,"comment_status":"open","ping_status":"closed","template":"","meta":[],"product_brand":[],"product_cat":[50],"product_tag":[],"class_list":{"0":"post-7159","1":"product","2":"type-product","3":"status-publish","4":"has-post-thumbnail","6":"product_cat-recycled-yarns","8":"first","9":"instock","10":"shipping-taxable","11":"purchasable","12":"product-type-variable"},"_links":{"self":[{"href":"https:\/\/mariehone.com\/de\/wp-json\/wp\/v2\/product\/7159","targetHints":{"allow":["GET"]}}],"collection":[{"href":"https:\/\/mariehone.com\/de\/wp-json\/wp\/v2\/product"}],"about":[{"href":"https:\/\/mariehone.com\/de\/wp-json\/wp\/v2\/types\/product"}],"replies":[{"embeddable":true,"href":"https:\/\/mariehone.com\/de\/wp-json\/wp\/v2\/comments?post=7159"}],"version-history":[{"count":2,"href":"https:\/\/mariehone.com\/de\/wp-json\/wp\/v2\/product\/7159\/revisions"}],"predecessor-version":[{"id":8103,"href":"https:\/\/mariehone.com\/de\/wp-json\/wp\/v2\/product\/7159\/revisions\/8103"}],"wp:featuredmedia":[{"embeddable":true,"href":"https:\/\/mariehone.com\/de\/wp-json\/wp\/v2\/media\/7198"}],"wp:attachment":[{"href":"https:\/\/mariehone.com\/de\/wp-json\/wp\/v2\/media?parent=7159"}],"wp:term":[{"taxonomy":"product_brand","embeddable":true,"href":"https:\/\/mariehone.com\/de\/wp-json\/wp\/v2\/product_brand?post=7159"},{"taxonomy":"product_cat","embeddable":true,"href":"https:\/\/mariehone.com\/de\/wp-json\/wp\/v2\/product_cat?post=7159"},{"taxonomy":"product_tag","embeddable":true,"href":"https:\/\/mariehone.com\/de\/wp-json\/wp\/v2\/product_tag?post=7159"}],"curies":[{"name":"wp","href":"https:\/\/api.w.org\/{rel}","templated":true}]}}