{"id":7164,"date":"2024-05-27T20:30:12","date_gmt":"2024-05-27T20:30:12","guid":{"rendered":"https:\/\/mariehone.com\/?post_type=product&#038;p=7164"},"modified":"2024-07-05T14:05:12","modified_gmt":"2024-07-05T11:05:12","slug":"macrame-coctel","status":"publish","type":"product","link":"https:\/\/mariehone.com\/de\/produkt\/macrame-coctel\/","title":{"rendered":"Makramee-Coktel"},"content":{"rendered":"<p>Macrame Coctel- ist bestens geeignet zum Stricken, H\u00e4keln f\u00fcr Macrame-Projekte, Wohnaccessoires, Korbflechten, Taschen und weitere Handarbeiten!<\/p>\n<p>Coctel Macrame ist wie Eco Macrame Garn ist 100% recycelten Materialien hergestellt, dank f\u00fcr Remixed Schattierungen seine f\u00fcgt Spa\u00df zu unseren Hobbys.   Es ist weich, d\u00fcnn, langlebig und gem\u00fctlich Garn. Empfohlen, um mit 4-5 Nummer H\u00e4kelnadeln zu n\u00e4hen.<\/p>\n<p>Im Mariehone-Katalog finden Sie ca. 8 Farben des Makramee-Garns Coctel<\/p>","protected":false},"excerpt":{"rendered":"<p><strong><span style=\"color: #000000;\">INHALT UND EMPFOHLEN:<\/span><\/strong><\/p>\n<ul>\n<li>80% Recycelte Baumwolle, 20% Polyester<\/li>\n<li>200 m Jede 250 Gr Kugel<\/li>\n<li>2 mm - d\u00fcnn und langlebig, flexibel und leicht zu verarbeiten<\/li>\n<li>4-5 mm Nadelh\u00e4keln, H\u00e4kelnadel<\/li>\n<li>Oeke-tex Zertifiziert<\/li>\n<\/ul>\n<details close>\n<summary>Kaufdetails<\/summary>\n<div class=\"cg-accordion-item\">\n<ul>\n<li><strong>Mindestbestellmenge (pro Farbe):<\/strong> 50 kg<\/li>\n<li><strong>Vorlaufzeit:<\/strong> 20-30 Tage<\/li>\n<li><strong>Versand:<\/strong> Seefracht, Eisenbahnfracht, Luftfracht, Stra\u00dfenfracht<\/li>\n<li><strong>Zahlungsbedingungen:<\/strong> T\/T (Bank\u00fcberweisung), L\/C (Akkreditiv)<\/li>\n<\/ul>\n<\/div>\n<\/details>","protected":false},"featured_media":7220,"comment_status":"open","ping_status":"closed","template":"","meta":[],"product_brand":[],"product_cat":[50],"product_tag":[],"class_list":{"0":"post-7164","1":"product","2":"type-product","3":"status-publish","4":"has-post-thumbnail","6":"product_cat-recycled-yarns","8":"first","9":"instock","10":"shipping-taxable","11":"purchasable","12":"product-type-variable"},"_links":{"self":[{"href":"https:\/\/mariehone.com\/de\/wp-json\/wp\/v2\/product\/7164","targetHints":{"allow":["GET"]}}],"collection":[{"href":"https:\/\/mariehone.com\/de\/wp-json\/wp\/v2\/product"}],"about":[{"href":"https:\/\/mariehone.com\/de\/wp-json\/wp\/v2\/types\/product"}],"replies":[{"embeddable":true,"href":"https:\/\/mariehone.com\/de\/wp-json\/wp\/v2\/comments?post=7164"}],"version-history":[{"count":2,"href":"https:\/\/mariehone.com\/de\/wp-json\/wp\/v2\/product\/7164\/revisions"}],"predecessor-version":[{"id":8099,"href":"https:\/\/mariehone.com\/de\/wp-json\/wp\/v2\/product\/7164\/revisions\/8099"}],"wp:featuredmedia":[{"embeddable":true,"href":"https:\/\/mariehone.com\/de\/wp-json\/wp\/v2\/media\/7220"}],"wp:attachment":[{"href":"https:\/\/mariehone.com\/de\/wp-json\/wp\/v2\/media?parent=7164"}],"wp:term":[{"taxonomy":"product_brand","embeddable":true,"href":"https:\/\/mariehone.com\/de\/wp-json\/wp\/v2\/product_brand?post=7164"},{"taxonomy":"product_cat","embeddable":true,"href":"https:\/\/mariehone.com\/de\/wp-json\/wp\/v2\/product_cat?post=7164"},{"taxonomy":"product_tag","embeddable":true,"href":"https:\/\/mariehone.com\/de\/wp-json\/wp\/v2\/product_tag?post=7164"}],"curies":[{"name":"wp","href":"https:\/\/api.w.org\/{rel}","templated":true}]}}