{"id":7170,"date":"2024-05-27T20:30:13","date_gmt":"2024-05-27T20:30:13","guid":{"rendered":"https:\/\/mariehone.com\/?post_type=product&#038;p=7170"},"modified":"2024-07-05T14:05:02","modified_gmt":"2024-07-05T11:05:02","slug":"coco","status":"publish","type":"product","link":"https:\/\/mariehone.com\/de\/produkt\/coco\/","title":{"rendered":"Coco"},"content":{"rendered":"<p>COCO (Chunky Yarn) - Garn ist eine dicke, handgestrickte Baumwollschnur zum Stricken oder Weben von Heimdekoration und Dekoration. Zum Beispiel, Ottomane, Teppiche, ungew\u00f6hnliche Kissen, Stuhlpolster, Decken, etc. Vom Aussehen her \u00e4hnelt es weichem Wollgarn. Zusammensetzung - es wird aus nat\u00fcrlichem Baumwollgarn gestrickt und ist innen mit Poliesterfasern gef\u00fcllt. Das volumin\u00f6se Coco-Garn ist so \u00fcppig, elastisch und luftig. Die Produkte daraus sehen sehr modern, umweltfreundlich und stimmungsvoll aus.<\/p>\n<p>Sie k\u00f6nnen mit Coco Garn Handstricken in Wohnaccessoires wie Decken, Matten, Kissen, Babyzimmer-Accessoires machen.<\/p>\n<p>Dieses superbauschige Garn ist weich und f\u00fcr das Handstricken geeignet.<\/p>\n<p>In der <a href=\"\/de\/catalog\/\">Mariehone-Kataloge<\/a> k\u00f6nnen Sie etwa 21 Farben von Coco Yarn finden!<\/p>\n<h1>Chunky Yarns sind ein neuer Trend in der Welt des Strickens.<\/h1>\n<p>Stricker haben dicke Garne verwendet, um trendige und warme Wohnaccessoires herzustellen. Sogar mit der Herstellung von Kleidung aus dicken Garnen wurde schon experimentiert. Chunky Coco Garn ist eine Handstricktechnik, bei der dicke Wollf\u00e4den entstehen. Es ist ein sehr vielseitiges Garn, das im Haushalt vielseitig einsetzbar ist.<\/p>\n<p>Strickerinnen und Stricker verwenden dicke Garne, um einzigartige Wohnaccessoires wie Decken, Matten, Kissen und Babydecken herzustellen. Sie k\u00f6nnen die Wolle auch f\u00fcr Projekte f\u00fcr ihre Haustiere verwenden, z. B. f\u00fcr Tiere oder Pl\u00fcschtiere f\u00fcr ihre Kinder. Dickes Garn eignet sich f\u00fcr ein schnelles Projekt, wenn Sie in der Klemme sitzen und bereit sind, Qualit\u00e4t f\u00fcr Quantit\u00e4t zu opfern.<\/p>\n<p>Sie k\u00f6nnen mit Coco Garn Handstricken in Wohnaccessoires wie Decken, Matten, Kissen, Baby-Zimmer-Accessoires zu machen.<\/p>","protected":false},"excerpt":{"rendered":"<p><strong><span style=\"color: #000000;\">INHALT UND EMPFOHLEN:<\/span><\/strong><\/p>\n<ul>\n<li>60% Baumwolle, 40% Polyester<\/li>\n<li>30 m je 1000 gr Kugel<\/li>\n<li>2 - 2,5 cm - Dicke, dauerhaft, flexibel und leicht zu verarbeiten<\/li>\n<li>Stricken Sie es mit der Hand!<\/li>\n<li>Oeke-tex zertifiziert<\/li>\n<\/ul>\n<details close>\n<summary>Kaufdetails<\/summary>\n<div class=\"cg-accordion-item\">\n<ul>\n<li><strong>Mindestbestellmenge (pro Farbe):<\/strong> 50 kg<\/li>\n<li><strong>Vorlaufzeit:<\/strong> 20-30 Tage<\/li>\n<li><strong>Versand:<\/strong> Seefracht, Eisenbahnfracht, Luftfracht, Stra\u00dfenfracht<\/li>\n<li><strong>Zahlungsbedingungen:<\/strong> T\/T (Bank\u00fcberweisung), L\/C (Akkreditiv)<\/li>\n<\/ul>\n<\/div>\n<\/details>","protected":false},"featured_media":7249,"comment_status":"open","ping_status":"closed","template":"","meta":[],"product_brand":[],"product_cat":[50],"product_tag":[],"class_list":{"0":"post-7170","1":"product","2":"type-product","3":"status-publish","4":"has-post-thumbnail","6":"product_cat-recycled-yarns","8":"first","9":"instock","10":"shipping-taxable","11":"purchasable","12":"product-type-variable"},"_links":{"self":[{"href":"https:\/\/mariehone.com\/de\/wp-json\/wp\/v2\/product\/7170","targetHints":{"allow":["GET"]}}],"collection":[{"href":"https:\/\/mariehone.com\/de\/wp-json\/wp\/v2\/product"}],"about":[{"href":"https:\/\/mariehone.com\/de\/wp-json\/wp\/v2\/types\/product"}],"replies":[{"embeddable":true,"href":"https:\/\/mariehone.com\/de\/wp-json\/wp\/v2\/comments?post=7170"}],"version-history":[{"count":2,"href":"https:\/\/mariehone.com\/de\/wp-json\/wp\/v2\/product\/7170\/revisions"}],"predecessor-version":[{"id":8097,"href":"https:\/\/mariehone.com\/de\/wp-json\/wp\/v2\/product\/7170\/revisions\/8097"}],"wp:featuredmedia":[{"embeddable":true,"href":"https:\/\/mariehone.com\/de\/wp-json\/wp\/v2\/media\/7249"}],"wp:attachment":[{"href":"https:\/\/mariehone.com\/de\/wp-json\/wp\/v2\/media?parent=7170"}],"wp:term":[{"taxonomy":"product_brand","embeddable":true,"href":"https:\/\/mariehone.com\/de\/wp-json\/wp\/v2\/product_brand?post=7170"},{"taxonomy":"product_cat","embeddable":true,"href":"https:\/\/mariehone.com\/de\/wp-json\/wp\/v2\/product_cat?post=7170"},{"taxonomy":"product_tag","embeddable":true,"href":"https:\/\/mariehone.com\/de\/wp-json\/wp\/v2\/product_tag?post=7170"}],"curies":[{"name":"wp","href":"https:\/\/api.w.org\/{rel}","templated":true}]}}