{"id":7156,"date":"2024-05-27T23:30:10","date_gmt":"2024-05-27T20:30:10","guid":{"rendered":"https:\/\/mariehone.com\/?post_type=product&#038;p=7156"},"modified":"2025-05-25T00:10:37","modified_gmt":"2025-05-24T21:10:37","slug":"hilo-para-camisetas","status":"publish","type":"product","link":"https:\/\/mariehone.com\/es\/producto\/hilo-para-camisetas\/","title":{"rendered":"Hilo para camisetas"},"content":{"rendered":"<p>Presentamos Mariehone&#039;s T-Shirt Yarn: la opci\u00f3n vers\u00e1til y ecol\u00f3gica para todos tus proyectos creativos. Tanto si est\u00e1s creando bolsos elegantes, alfombras acogedoras, fundas de almohada con estilo o art\u00edculos decorativos \u00fanicos, nuestro hilo T-Shirt ofrece la combinaci\u00f3n perfecta de calidad y sostenibilidad. Fabricado a partir de recortes textiles reciclados, este hilo no s\u00f3lo apoya sus esfuerzos creativos, sino que tambi\u00e9n contribuye a un planeta m\u00e1s verde.<\/p>\n<h4>Caracter\u00edsticas principales<\/h4>\n<ul>\n<li>Variedad de colores: Disponible en 11 vibrantes grupos de colores, incluyendo Negro, Azul, Marr\u00f3n, Verde, Gris, Lila, Rosa, Estampado, Rojo, Blanco y Amarillo, permitiendo infinitas posibilidades creativas.<\/li>\n<li>Respetuoso con el medio ambiente: Fabricado con materiales reciclados, lo que reduce los residuos y fomenta las pr\u00e1cticas sostenibles.<\/li>\n<li>Textura \u00fanica: El hilo presenta variaciones naturales de grosor, lo que a\u00f1ade car\u00e1cter y textura a tus proyectos.<\/li>\n<li>Uso vers\u00e1til: Ideal para tejer a mano una amplia gama de art\u00edculos como bolsos, alfombras, fundas de almohada, posavasos y mucho m\u00e1s.<\/li>\n<li>Calidad de marca: Producido por Mariehone, un nombre de confianza en hilos reciclados, lo que garantiza una calidad y un rendimiento fiables.<\/li>\n<\/ul>\n<p>Beneficios y uso:<\/p>\n<p>Mariehone's T-Shirt Yarn es perfecto para artesanos y aficionados que valoran la sostenibilidad sin renunciar a la calidad. La textura \u00fanica de este hilo, con engrosamientos y adelgazamientos ocasionales, a\u00f1ade profundidad e inter\u00e9s a sus creaciones. Su versatilidad le permite explorar una gran variedad de proyectos, desde art\u00edculos pr\u00e1cticos como alfombras y fundas de almohada hasta piezas decorativas como jarrones y posavasos. La amplia gama de colores le garantiza que encontrar\u00e1 el tono perfecto para complementar su visi\u00f3n del dise\u00f1o, mientras que la naturaleza reciclada del hilo significa que cada compra apoya las pr\u00e1cticas respetuosas con el medio ambiente.<\/p>\n<h4>Informaci\u00f3n adicional<\/h4>\n<p>Mariehone&#039;s T-Shirt Yarn se fabrica a partir de los recortes de la producci\u00f3n textil, un proceso que no s\u00f3lo recicla, sino que tambi\u00e9n garantiza que cada madeja sea \u00fanica. Debido a la naturaleza de los materiales reciclados, el peso y la longitud exactos de cada madeja pueden variar, lo que a\u00f1ade encanto e individualidad a su trabajo.<\/p>\n<p>Instrucciones de cuidado: Para mantener la integridad de sus art\u00edculos hechos a mano, recomendamos lavarlos suavemente a mano y ponerlos a secar en plano. Evite los detergentes fuertes y la lej\u00eda para conservar los colores vivos y la estructura del hilo.<\/p>\n<p>Pedidos al por mayor: Para los interesados en compras al por mayor, Mariehone ofrece la posibilidad de realizar pedidos en grupos de colores predeterminados. Dado el origen \u00fanico del hilo, los tonos espec\u00edficos pueden variar, pero tenga la seguridad de que recibir\u00e1 colores que se acerquen a sus preferencias. Nuestro equipo est\u00e1 disponible 24 horas al d\u00eda, 7 d\u00edas a la semana, para ayudarle con sus necesidades de venta al por mayor, garantizando una experiencia de compra satisfactoria y sin problemas.<\/p>\n<p>Elige Mariehone's T-Shirt Yarn para tu pr\u00f3ximo proyecto y disfruta de la satisfacci\u00f3n de crear art\u00edculos bonitos y sostenibles que tienen un impacto positivo en el medio ambiente.<\/p>","protected":false},"excerpt":{"rendered":"<p>Eleva tus proyectos de manualidades con Mariehone T-Shirt Yarn, un vers\u00e1til hilo reciclado disponible en vibrantes colores. Fabricado con algod\u00f3n 97% y Lycra 3%, cada ovillo de 450 g ofrece 100 m de material duradero y el\u00e1stico. Perfecto para los artesanos con conciencia ecol\u00f3gica que buscan calidad y variedad de colores.<\/p>","protected":false},"featured_media":7186,"comment_status":"open","ping_status":"closed","template":"","meta":[],"product_brand":[],"product_cat":[50],"product_tag":[],"class_list":{"0":"post-7156","1":"product","2":"type-product","3":"status-publish","4":"has-post-thumbnail","6":"product_cat-recycled-yarns","8":"first","9":"instock","10":"shipping-taxable","11":"purchasable","12":"product-type-variable"},"_links":{"self":[{"href":"https:\/\/mariehone.com\/es\/wp-json\/wp\/v2\/product\/7156","targetHints":{"allow":["GET"]}}],"collection":[{"href":"https:\/\/mariehone.com\/es\/wp-json\/wp\/v2\/product"}],"about":[{"href":"https:\/\/mariehone.com\/es\/wp-json\/wp\/v2\/types\/product"}],"replies":[{"embeddable":true,"href":"https:\/\/mariehone.com\/es\/wp-json\/wp\/v2\/comments?post=7156"}],"version-history":[{"count":22,"href":"https:\/\/mariehone.com\/es\/wp-json\/wp\/v2\/product\/7156\/revisions"}],"predecessor-version":[{"id":8147,"href":"https:\/\/mariehone.com\/es\/wp-json\/wp\/v2\/product\/7156\/revisions\/8147"}],"wp:featuredmedia":[{"embeddable":true,"href":"https:\/\/mariehone.com\/es\/wp-json\/wp\/v2\/media\/7186"}],"wp:attachment":[{"href":"https:\/\/mariehone.com\/es\/wp-json\/wp\/v2\/media?parent=7156"}],"wp:term":[{"taxonomy":"product_brand","embeddable":true,"href":"https:\/\/mariehone.com\/es\/wp-json\/wp\/v2\/product_brand?post=7156"},{"taxonomy":"product_cat","embeddable":true,"href":"https:\/\/mariehone.com\/es\/wp-json\/wp\/v2\/product_cat?post=7156"},{"taxonomy":"product_tag","embeddable":true,"href":"https:\/\/mariehone.com\/es\/wp-json\/wp\/v2\/product_tag?post=7156"}],"curies":[{"name":"wp","href":"https:\/\/api.w.org\/{rel}","templated":true}]}}