{"id":7159,"date":"2024-05-27T20:30:11","date_gmt":"2024-05-27T20:30:11","guid":{"rendered":"https:\/\/mariehone.com\/?post_type=product&#038;p=7159"},"modified":"2024-07-05T14:05:24","modified_gmt":"2024-07-05T11:05:24","slug":"macrame-rope-4-mm","status":"publish","type":"product","link":"https:\/\/mariehone.com\/es\/producto\/macrame-rope-4-mm\/","title":{"rendered":"Cuerda de macram\u00e9 4 MM"},"content":{"rendered":"<p>Hilo de cuerda de macram\u00e9, que siempre est\u00e1 en nuestra agenda y a\u00f1ade diversi\u00f3n a nuestros pasatiempos - hecho 100% reciclado. \u00a1Ideal para hacer proyectos de macram\u00e9, tales como, fabricaci\u00f3n de la mano, la moda de artesan\u00eda, decoraci\u00f3n de la pared, lo que en su mente!<\/p>\n<p>Fabricado 100% algod\u00f3n reciclado, 3'ply, 250 gr 45 m cada bola.<\/p>\n<p>En el cat\u00e1logo de Mariehone encontrar\u00e1s unos 31 colores de hilo Macrame Rope.<\/p>\n<p>El macram\u00e9 es una forma de artesan\u00eda con cuerdas originaria de Sudam\u00e9rica. Tambi\u00e9n se conoce como macram\u00e9 y es un tipo de arte de cuerda anudada. El macram\u00e9 utiliza materiales naturales, como fibra vegetal y materiales naturales, para crear objetos bellos y \u00fatiles. El macram\u00e9 se hace anudando intrincados patrones en una cuerda con diferentes pesos para crear un dise\u00f1o ornamental. El macram\u00e9 es una salida creativa que puede ayudar a las personas a expresarse.<\/p>\n<p>&nbsp;<\/p>","protected":false},"excerpt":{"rendered":"<p><strong><span style=\"color: #000000;\">CONTENIDO Y RECOMENDADO:<\/span><\/strong><\/p>\n<ul>\n<li>80% Algod\u00f3n reciclado, 20% Poli\u00e9ster<\/li>\n<li>45 m cada bola de 250 gr<\/li>\n<li>4 mm de grosor, duradero, flexible y f\u00e1cil de trabajar<\/li>\n<li>Aguja de 8-10 mm<\/li>\n<li>Certificado Oeke-tex<\/li>\n<\/ul>\n<details close>\n<summary>detalles de compra<\/summary>\n<div class=\"cg-accordion-item\">\n<ul>\n<li><strong>Cantidad m\u00ednima de pedido (por color):<\/strong> 50 Kg<\/li>\n<li><strong>Plazo de entrega:<\/strong> 20-30 d\u00edas<\/li>\n<li><strong>Env\u00edo:<\/strong> Transporte mar\u00edtimo, ferroviario, a\u00e9reo y por carretera<\/li>\n<li><strong>Condiciones de pago:<\/strong> T\/T (transferencia bancaria), L\/C (carta de cr\u00e9dito)<\/li>\n<\/ul>\n<\/div>\n<\/details>","protected":false},"featured_media":7198,"comment_status":"open","ping_status":"closed","template":"","meta":[],"product_brand":[],"product_cat":[50],"product_tag":[],"class_list":{"0":"post-7159","1":"product","2":"type-product","3":"status-publish","4":"has-post-thumbnail","6":"product_cat-recycled-yarns","8":"first","9":"instock","10":"shipping-taxable","11":"purchasable","12":"product-type-variable"},"_links":{"self":[{"href":"https:\/\/mariehone.com\/es\/wp-json\/wp\/v2\/product\/7159","targetHints":{"allow":["GET"]}}],"collection":[{"href":"https:\/\/mariehone.com\/es\/wp-json\/wp\/v2\/product"}],"about":[{"href":"https:\/\/mariehone.com\/es\/wp-json\/wp\/v2\/types\/product"}],"replies":[{"embeddable":true,"href":"https:\/\/mariehone.com\/es\/wp-json\/wp\/v2\/comments?post=7159"}],"version-history":[{"count":2,"href":"https:\/\/mariehone.com\/es\/wp-json\/wp\/v2\/product\/7159\/revisions"}],"predecessor-version":[{"id":8103,"href":"https:\/\/mariehone.com\/es\/wp-json\/wp\/v2\/product\/7159\/revisions\/8103"}],"wp:featuredmedia":[{"embeddable":true,"href":"https:\/\/mariehone.com\/es\/wp-json\/wp\/v2\/media\/7198"}],"wp:attachment":[{"href":"https:\/\/mariehone.com\/es\/wp-json\/wp\/v2\/media?parent=7159"}],"wp:term":[{"taxonomy":"product_brand","embeddable":true,"href":"https:\/\/mariehone.com\/es\/wp-json\/wp\/v2\/product_brand?post=7159"},{"taxonomy":"product_cat","embeddable":true,"href":"https:\/\/mariehone.com\/es\/wp-json\/wp\/v2\/product_cat?post=7159"},{"taxonomy":"product_tag","embeddable":true,"href":"https:\/\/mariehone.com\/es\/wp-json\/wp\/v2\/product_tag?post=7159"}],"curies":[{"name":"wp","href":"https:\/\/api.w.org\/{rel}","templated":true}]}}