{"id":7165,"date":"2024-05-27T20:30:12","date_gmt":"2024-05-27T20:30:12","guid":{"rendered":"https:\/\/mariehone.com\/?post_type=product&#038;p=7165"},"modified":"2024-07-05T14:05:16","modified_gmt":"2024-07-05T11:05:16","slug":"ribbon-yarn","status":"publish","type":"product","link":"https:\/\/mariehone.com\/es\/producto\/ribbon-yarn\/","title":{"rendered":"Cinta"},"content":{"rendered":"<p>El hilo de cinta es tambi\u00e9n uno de los hilos reciclados. Es un tubular, en el interior est\u00e1 vac\u00edo estructurado como el hilo de cord\u00f3n Macrame. Se utiliza para tejer accesorios para el hogar como alfombras, proyectos de manualidades, cestas, bolsos, portavelas, macetas y mucho m\u00e1s.<br \/>\nSe recomienda coser con agujas de ganchillo de 8-10 n\u00fameros.<br \/>\nEn el cat\u00e1logo Mariehone puedes encontrar unos 36 colores de hilo Ribbon<\/p>","protected":false},"excerpt":{"rendered":"<p><strong><span style=\"color: #000000;\">CONTENIDO Y RECOMENDADO:<\/span><\/strong><\/p>\n<ul>\n<li>80% Algod\u00f3n reciclado, 20% Poli\u00e9ster<\/li>\n<li>90 m cada bola de 250 gr<\/li>\n<li>5 mm de grosor, duradero, flexible y f\u00e1cil de trabajar<\/li>\n<li>Aguja de ganchillo de 8-10 mm, gancho<\/li>\n<li>Certificado Oeke-tex<\/li>\n<\/ul>\n<details close>\n<summary>detalles de compra<\/summary>\n<div class=\"cg-accordion-item\">\n<ul>\n<li><strong>Cantidad m\u00ednima de pedido (por color):<\/strong> 50 Kg<\/li>\n<li><strong>Plazo de entrega:<\/strong> 20-30 d\u00edas<\/li>\n<li><strong>Env\u00edo:<\/strong> Transporte mar\u00edtimo, ferroviario, a\u00e9reo y por carretera<\/li>\n<li><strong>Condiciones de pago:<\/strong> T\/T (transferencia bancaria), L\/C (carta de cr\u00e9dito)<\/li>\n<\/ul>\n<\/div>\n<\/details>","protected":false},"featured_media":7225,"comment_status":"open","ping_status":"closed","template":"","meta":[],"product_brand":[],"product_cat":[50],"product_tag":[],"class_list":{"0":"post-7165","1":"product","2":"type-product","3":"status-publish","4":"has-post-thumbnail","6":"product_cat-recycled-yarns","8":"first","9":"instock","10":"shipping-taxable","11":"purchasable","12":"product-type-variable"},"_links":{"self":[{"href":"https:\/\/mariehone.com\/es\/wp-json\/wp\/v2\/product\/7165","targetHints":{"allow":["GET"]}}],"collection":[{"href":"https:\/\/mariehone.com\/es\/wp-json\/wp\/v2\/product"}],"about":[{"href":"https:\/\/mariehone.com\/es\/wp-json\/wp\/v2\/types\/product"}],"replies":[{"embeddable":true,"href":"https:\/\/mariehone.com\/es\/wp-json\/wp\/v2\/comments?post=7165"}],"version-history":[{"count":2,"href":"https:\/\/mariehone.com\/es\/wp-json\/wp\/v2\/product\/7165\/revisions"}],"predecessor-version":[{"id":8100,"href":"https:\/\/mariehone.com\/es\/wp-json\/wp\/v2\/product\/7165\/revisions\/8100"}],"wp:featuredmedia":[{"embeddable":true,"href":"https:\/\/mariehone.com\/es\/wp-json\/wp\/v2\/media\/7225"}],"wp:attachment":[{"href":"https:\/\/mariehone.com\/es\/wp-json\/wp\/v2\/media?parent=7165"}],"wp:term":[{"taxonomy":"product_brand","embeddable":true,"href":"https:\/\/mariehone.com\/es\/wp-json\/wp\/v2\/product_brand?post=7165"},{"taxonomy":"product_cat","embeddable":true,"href":"https:\/\/mariehone.com\/es\/wp-json\/wp\/v2\/product_cat?post=7165"},{"taxonomy":"product_tag","embeddable":true,"href":"https:\/\/mariehone.com\/es\/wp-json\/wp\/v2\/product_tag?post=7165"}],"curies":[{"name":"wp","href":"https:\/\/api.w.org\/{rel}","templated":true}]}}