{"id":7165,"date":"2024-05-27T20:30:12","date_gmt":"2024-05-27T20:30:12","guid":{"rendered":"https:\/\/mariehone.com\/?post_type=product&#038;p=7165"},"modified":"2024-07-05T14:05:16","modified_gmt":"2024-07-05T11:05:16","slug":"ribbon-yarn","status":"publish","type":"product","link":"https:\/\/mariehone.com\/fr\/produit\/ribbon-yarn\/","title":{"rendered":"Fil \u00e0 rubans"},"content":{"rendered":"<p>Le fil de ruban fait \u00e9galement partie des fils recycl\u00e9s. Il s'agit d'un fil tubulaire, dont l'int\u00e9rieur est vide et structur\u00e9 comme un fil de corde de macram\u00e9. Il peut \u00eatre utilis\u00e9 pour tricoter des accessoires pour la maison tels que des tapis, des projets artisanaux, des paniers tress\u00e9s, des sacs, des bougeoirs, des pots de fleurs et bien d'autres choses encore !<br \/>\nIl est recommand\u00e9 d'utiliser des aiguilles \u00e0 crochet de 8 \u00e0 10 num\u00e9ros.<br \/>\nDans le catalogue Mariehone, vous trouverez environ 36 couleurs de fils de rubans.<\/p>","protected":false},"excerpt":{"rendered":"<p><strong><span style=\"color: #000000;\">ET RECOMMAND\u00c9 :<\/span><\/strong><\/p>\n<ul>\n<li>80% Coton recycl\u00e9, 20% Polyester<\/li>\n<li>90 m par balle de 250 gr<\/li>\n<li>5 mm - \u00e9paisseur, durable, flexible et facile \u00e0 travailler<\/li>\n<li>8-10 mm aiguille \u00e0 crochet, crochet<\/li>\n<li>Certifi\u00e9 Oeke-tex<\/li>\n<\/ul>\n<details close>\n<summary>d\u00e9tails de l'achat<\/summary>\n<div class=\"cg-accordion-item\">\n<ul>\n<li><strong>Quantit\u00e9 minimale de commande (par couleur) :<\/strong> 50 Kg<\/li>\n<li><strong>D\u00e9lai d'ex\u00e9cution :<\/strong> 20-30 jours<\/li>\n<li><strong>Exp\u00e9dition :<\/strong> Fret maritime, fret ferroviaire, fret a\u00e9rien, fret routier<\/li>\n<li><strong>Conditions de paiement :<\/strong> T\/T (transfert bancaire), L\/C (lettre de cr\u00e9dit)<\/li>\n<\/ul>\n<\/div>\n<\/details>","protected":false},"featured_media":7225,"comment_status":"open","ping_status":"closed","template":"","meta":[],"product_brand":[],"product_cat":[50],"product_tag":[],"class_list":{"0":"post-7165","1":"product","2":"type-product","3":"status-publish","4":"has-post-thumbnail","6":"product_cat-recycled-yarns","8":"first","9":"instock","10":"shipping-taxable","11":"purchasable","12":"product-type-variable"},"_links":{"self":[{"href":"https:\/\/mariehone.com\/fr\/wp-json\/wp\/v2\/product\/7165","targetHints":{"allow":["GET"]}}],"collection":[{"href":"https:\/\/mariehone.com\/fr\/wp-json\/wp\/v2\/product"}],"about":[{"href":"https:\/\/mariehone.com\/fr\/wp-json\/wp\/v2\/types\/product"}],"replies":[{"embeddable":true,"href":"https:\/\/mariehone.com\/fr\/wp-json\/wp\/v2\/comments?post=7165"}],"version-history":[{"count":2,"href":"https:\/\/mariehone.com\/fr\/wp-json\/wp\/v2\/product\/7165\/revisions"}],"predecessor-version":[{"id":8100,"href":"https:\/\/mariehone.com\/fr\/wp-json\/wp\/v2\/product\/7165\/revisions\/8100"}],"wp:featuredmedia":[{"embeddable":true,"href":"https:\/\/mariehone.com\/fr\/wp-json\/wp\/v2\/media\/7225"}],"wp:attachment":[{"href":"https:\/\/mariehone.com\/fr\/wp-json\/wp\/v2\/media?parent=7165"}],"wp:term":[{"taxonomy":"product_brand","embeddable":true,"href":"https:\/\/mariehone.com\/fr\/wp-json\/wp\/v2\/product_brand?post=7165"},{"taxonomy":"product_cat","embeddable":true,"href":"https:\/\/mariehone.com\/fr\/wp-json\/wp\/v2\/product_cat?post=7165"},{"taxonomy":"product_tag","embeddable":true,"href":"https:\/\/mariehone.com\/fr\/wp-json\/wp\/v2\/product_tag?post=7165"}],"curies":[{"name":"wp","href":"https:\/\/api.w.org\/{rel}","templated":true}]}}