{"id":1004,"date":"2024-04-09T13:39:05","date_gmt":"2024-04-09T13:39:05","guid":{"rendered":"http:\/\/shoptimizer.local\/?page_id=848"},"modified":"2024-05-27T22:32:01","modified_gmt":"2024-05-27T22:32:01","slug":"about-mariehone","status":"publish","type":"page","link":"https:\/\/mariehone.com\/it\/about-mariehone\/","title":{"rendered":"Informazioni su Mariehone"},"content":{"rendered":"<div data-elementor-type=\"wp-post\" data-elementor-id=\"1004\" class=\"elementor elementor-1004\">\n\t\t\t\t\t\t<section class=\"elementor-section elementor-top-section elementor-element elementor-element-1e0fc97a elementor-section-stretched elementor-section-boxed elementor-section-height-default elementor-section-height-default\" data-id=\"1e0fc97a\" data-element_type=\"section\" data-e-type=\"section\" data-settings=\"{&quot;stretch_section&quot;:&quot;section-stretched&quot;,&quot;background_background&quot;:&quot;classic&quot;}\">\n\t\t\t\t\t\t<div class=\"elementor-container elementor-column-gap-no\">\n\t\t\t\t\t<div class=\"elementor-column elementor-col-100 elementor-top-column elementor-element elementor-element-581b37bd\" data-id=\"581b37bd\" data-element_type=\"column\" data-e-type=\"column\">\n\t\t\t<div class=\"elementor-widget-wrap elementor-element-populated\">\n\t\t\t\t\t\t<section class=\"elementor-section elementor-inner-section elementor-element elementor-element-3305ba5b elementor-section-boxed elementor-section-height-default elementor-section-height-default\" data-id=\"3305ba5b\" data-element_type=\"section\" data-e-type=\"section\">\n\t\t\t\t\t\t<div class=\"elementor-container elementor-column-gap-default\">\n\t\t\t\t\t<div class=\"elementor-column elementor-col-50 elementor-inner-column elementor-element elementor-element-32084585\" data-id=\"32084585\" data-element_type=\"column\" data-e-type=\"column\">\n\t\t\t<div class=\"elementor-widget-wrap elementor-element-populated\">\n\t\t\t\t\t\t<div class=\"elementor-element elementor-element-990c0bd elementor-invisible elementor-widget elementor-widget-heading\" data-id=\"990c0bd\" data-element_type=\"widget\" data-e-type=\"widget\" data-settings=\"{&quot;_animation&quot;:&quot;fadeInUp&quot;}\" data-widget_type=\"heading.default\">\n\t\t\t\t<div class=\"elementor-widget-container\">\n\t\t\t\t\t<h1 class=\"elementor-heading-title elementor-size-default\">Chi siamo<\/h1>\t\t\t\t<\/div>\n\t\t\t\t<\/div>\n\t\t\t\t<div class=\"elementor-element elementor-element-1bf3e3a8 elementor-invisible elementor-widget elementor-widget-heading\" data-id=\"1bf3e3a8\" data-element_type=\"widget\" data-e-type=\"widget\" data-settings=\"{&quot;_animation&quot;:&quot;fadeInDown&quot;}\" data-widget_type=\"heading.default\">\n\t\t\t\t<div class=\"elementor-widget-container\">\n\t\t\t\t\t<h2 class=\"elementor-heading-title elementor-size-default\">Siamo un marchio nato da madre natura. \u00c8 tempo di creare una nuova sensazione.<\/h2>\t\t\t\t<\/div>\n\t\t\t\t<\/div>\n\t\t\t\t\t<\/div>\n\t\t<\/div>\n\t\t\t\t<div class=\"elementor-column elementor-col-50 elementor-inner-column elementor-element elementor-element-2bc3b2f8\" data-id=\"2bc3b2f8\" data-element_type=\"column\" data-e-type=\"column\">\n\t\t\t<div class=\"elementor-widget-wrap\">\n\t\t\t\t\t\t\t<\/div>\n\t\t<\/div>\n\t\t\t\t\t<\/div>\n\t\t<\/section>\n\t\t\t\t\t<\/div>\n\t\t<\/div>\n\t\t\t\t\t<\/div>\n\t\t<\/section>\n\t\t\t\t<section class=\"elementor-section elementor-top-section elementor-element elementor-element-3d985f0d elementor-section-boxed elementor-section-height-default elementor-section-height-default\" data-id=\"3d985f0d\" data-element_type=\"section\" data-e-type=\"section\">\n\t\t\t\t\t\t<div class=\"elementor-container elementor-column-gap-default\">\n\t\t\t\t\t<div class=\"elementor-column elementor-col-100 elementor-top-column elementor-element elementor-element-4ed4cb79\" data-id=\"4ed4cb79\" data-element_type=\"column\" data-e-type=\"column\">\n\t\t\t<div class=\"elementor-widget-wrap elementor-element-populated\">\n\t\t\t\t\t\t<div class=\"elementor-element elementor-element-2c76a128 elementor-widget elementor-widget-heading\" data-id=\"2c76a128\" data-element_type=\"widget\" data-e-type=\"widget\" data-widget_type=\"heading.default\">\n\t\t\t\t<div class=\"elementor-widget-container\">\n\t\t\t\t\t<h2 class=\"elementor-heading-title elementor-size-default\">CHI SIAMO<\/h2>\t\t\t\t<\/div>\n\t\t\t\t<\/div>\n\t\t\t\t<div class=\"elementor-element elementor-element-6ac4fe83 elementor-widget elementor-widget-text-editor\" data-id=\"6ac4fe83\" data-element_type=\"widget\" data-e-type=\"widget\" data-widget_type=\"text-editor.default\">\n\t\t\t\t<div class=\"elementor-widget-container\">\n\t\t\t\t\t\t\t\t\t<p>Come passatempo in crescita, soprattutto per le donne, i lavori a maglia a mano e il macrame stanno diventando sempre pi\u00f9 popolari con il passare degli anni. Mariehone, uno dei nuovi fornitori europei di prodotti per la maglieria a mano, offre diverse corde per macrame realizzate in cotone riciclato 100% per la gioia di tutti, dagli hobbisti agli stilisti. I prodotti macrame sono disponibili in decine di combinazioni di colori e tipi diversi, per garantire che ognuno possa trovare esattamente ci\u00f2 che sta cercando.<\/p><p>L'azienda ha anche iniziato a fornire e spedire vari altri tipi di cotone, oltre a quelli realizzati con filo riciclato 100%, come il cotone acrilico, la viscosa di cotone e vari articoli di corda per macram\u00e8 che possono essere utilizzati per vari scopi.<\/p><p>In qualit\u00e0 di azienda che mira a innovare e a offrire prodotti sempre di alta qualit\u00e0, Mariehone intende continuare questa tendenza espandendo le proprie attivit\u00e0 nel settore dell'abbigliamento con fili 100% riciclati, sottili, resistenti e accoglienti. L'azienda intende inoltre espandere le sue attuali attivit\u00e0 e introdurre nuove unit\u00e0 per il suo catalogo.<\/p><p>Nel complesso, il futuro si prospetta entusiasmante per Mariehone....<\/p>\t\t\t\t\t\t\t\t<\/div>\n\t\t\t\t<\/div>\n\t\t\t\t\t<\/div>\n\t\t<\/div>\n\t\t\t\t\t<\/div>\n\t\t<\/section>\n\t\t\t\t<\/div>","protected":false},"excerpt":{"rendered":"<p>Chi siamo Siamo un marchio nato da madre natura. \u00c8 tempo di creare una nuova sensazione. CHI SIAMO Come passatempo in crescita, soprattutto per le donne, i lavori a maglia a mano e il macrame stanno diventando sempre pi\u00f9 popolari con il passare degli anni. Come uno dei nuovi fornitori europei di prodotti per la maglieria a mano, [...]<\/p>","protected":false},"author":1,"featured_media":0,"parent":0,"menu_order":0,"comment_status":"closed","ping_status":"closed","template":"template-fullwidth-no-heading.php","meta":{"footnotes":""},"class_list":["post-1004","page","type-page","status-publish","hentry"],"_links":{"self":[{"href":"https:\/\/mariehone.com\/it\/wp-json\/wp\/v2\/pages\/1004","targetHints":{"allow":["GET"]}}],"collection":[{"href":"https:\/\/mariehone.com\/it\/wp-json\/wp\/v2\/pages"}],"about":[{"href":"https:\/\/mariehone.com\/it\/wp-json\/wp\/v2\/types\/page"}],"author":[{"embeddable":true,"href":"https:\/\/mariehone.com\/it\/wp-json\/wp\/v2\/users\/1"}],"replies":[{"embeddable":true,"href":"https:\/\/mariehone.com\/it\/wp-json\/wp\/v2\/comments?post=1004"}],"version-history":[{"count":5,"href":"https:\/\/mariehone.com\/it\/wp-json\/wp\/v2\/pages\/1004\/revisions"}],"predecessor-version":[{"id":7944,"href":"https:\/\/mariehone.com\/it\/wp-json\/wp\/v2\/pages\/1004\/revisions\/7944"}],"wp:attachment":[{"href":"https:\/\/mariehone.com\/it\/wp-json\/wp\/v2\/media?parent=1004"}],"curies":[{"name":"wp","href":"https:\/\/api.w.org\/{rel}","templated":true}]}}