{"id":7156,"date":"2024-05-27T23:30:10","date_gmt":"2024-05-27T20:30:10","guid":{"rendered":"https:\/\/mariehone.com\/?post_type=product&#038;p=7156"},"modified":"2025-05-25T00:10:37","modified_gmt":"2025-05-24T21:10:37","slug":"t-shirt-yarn","status":"publish","type":"product","link":"https:\/\/mariehone.com\/it\/prodotto\/t-shirt-yarn\/","title":{"rendered":"Filato per magliette"},"content":{"rendered":"<p>Vi presentiamo il filato per magliette Mariehone&#039;la scelta versatile ed ecologica per tutti i vostri progetti creativi. Sia che stiate realizzando borse eleganti, tappeti accoglienti, federe alla moda o oggetti decorativi unici, il nostro filato per magliette offre la miscela perfetta di qualit\u00e0 e sostenibilit\u00e0. Realizzato con tagli tessili riciclati, questo filato non solo supporta i vostri sforzi creativi, ma contribuisce anche a rendere il pianeta pi\u00f9 verde.<\/p>\n<h4>Caratteristiche principali<\/h4>\n<ul>\n<li>Variet\u00e0 di colori: Disponibile in 11 vivaci gruppi di colori, tra cui nero, blu, marrone, verde, grigio, lilla, rosa, stampato, rosso, bianco e giallo, per infinite possibilit\u00e0 creative.<\/li>\n<li>Eco-compatibile: Realizzato con materiali riciclati, riduce gli sprechi e promuove pratiche sostenibili.<\/li>\n<li>Struttura unica: Il filato presenta variazioni naturali di spessore che aggiungono carattere e consistenza ai vostri progetti.<\/li>\n<li>Uso versatile: ideale per lavorare a mano una vasta gamma di articoli come borse, tappeti, federe, sottobicchieri e altro ancora.<\/li>\n<li>Qualit\u00e0 del marchio: Prodotto da Mariehone, un nome affidabile nel settore dei filati riciclati, che garantisce qualit\u00e0 e prestazioni affidabili.<\/li>\n<\/ul>\n<p>Benefici e utilizzo:<\/p>\n<p>Il filato per magliette di Mariehone \u00e8 perfetto per gli artigiani e gli hobbisti che apprezzano la sostenibilit\u00e0 senza compromettere la qualit\u00e0. La consistenza unica del filato&#039;caratterizzata da addensamenti e assottigliamenti occasionali, aggiunge profondit\u00e0 e interesse alle vostre creazioni. La sua versatilit\u00e0 permette di esplorare una variet\u00e0 di progetti, da articoli pratici come tappeti e federe a pezzi decorativi come vasi e sottobicchieri. L'ampia gamma di colori assicura che troverete la tonalit\u00e0 perfetta per completare la vostra visione del design, mentre la natura riciclata del filato significa che ogni acquisto sostiene le pratiche ecologiche.<\/p>\n<h4>Ulteriori informazioni<\/h4>\n<p>Il filato per magliette Mariehone&#039;\u00e8 realizzato con i materiali di scarto della produzione tessile, un processo che non solo ricicla ma garantisce anche che ogni matassa sia unica. A causa della natura dei materiali riciclati, il peso e la lunghezza esatta di ogni matassa possono variare, aggiungendo fascino e individualit\u00e0 al vostro lavoro.<\/p>\n<p>Istruzioni per la cura: Per mantenere l'integrit\u00e0 dei vostri articoli fatti a mano, vi consigliamo di lavarli delicatamente a mano e di farli asciugare in piano. Evitare detergenti aggressivi e candeggina per preservare la struttura e i colori vivaci del filato.<\/p>\n<p>Ordini all'ingrosso: Per chi \u00e8 interessato ad acquisti all'ingrosso, Mariehone offre la possibilit\u00e0 di ordinare in gruppi di colori predeterminati. Data la provenienza unica del filato, le tonalit\u00e0 specifiche possono variare, ma \u00e8 certo che riceverete colori che si avvicinano alle vostre preferenze. Il nostro team \u00e8 disponibile 24 ore su 24, 7 giorni su 7, per assistervi nelle vostre esigenze di vendita all'ingrosso, assicurandovi un'esperienza d'acquisto perfetta e soddisfacente.<\/p>\n<p>Scegliete il filato per magliette Mariehone's per il vostro prossimo progetto e godetevi la soddisfazione di creare articoli belli e sostenibili che hanno un impatto positivo sull'ambiente.<\/p>","protected":false},"excerpt":{"rendered":"<p>Elevate i vostri progetti di crafting con il filato Mariehone T-Shirt, un filato riciclato versatile disponibile in colori vivaci. Realizzato in cotone 97% e lycra 3%, ogni gomitolo da 450 g offre 100 m di materiale resistente ed elastico. Perfetto per le appassionate di ecologia che cercano qualit\u00e0 e variet\u00e0 di colori.<\/p>","protected":false},"featured_media":7186,"comment_status":"open","ping_status":"closed","template":"","meta":[],"product_brand":[],"product_cat":[50],"product_tag":[],"class_list":{"0":"post-7156","1":"product","2":"type-product","3":"status-publish","4":"has-post-thumbnail","6":"product_cat-recycled-yarns","8":"first","9":"instock","10":"shipping-taxable","11":"purchasable","12":"product-type-variable"},"_links":{"self":[{"href":"https:\/\/mariehone.com\/it\/wp-json\/wp\/v2\/product\/7156","targetHints":{"allow":["GET"]}}],"collection":[{"href":"https:\/\/mariehone.com\/it\/wp-json\/wp\/v2\/product"}],"about":[{"href":"https:\/\/mariehone.com\/it\/wp-json\/wp\/v2\/types\/product"}],"replies":[{"embeddable":true,"href":"https:\/\/mariehone.com\/it\/wp-json\/wp\/v2\/comments?post=7156"}],"version-history":[{"count":22,"href":"https:\/\/mariehone.com\/it\/wp-json\/wp\/v2\/product\/7156\/revisions"}],"predecessor-version":[{"id":8147,"href":"https:\/\/mariehone.com\/it\/wp-json\/wp\/v2\/product\/7156\/revisions\/8147"}],"wp:featuredmedia":[{"embeddable":true,"href":"https:\/\/mariehone.com\/it\/wp-json\/wp\/v2\/media\/7186"}],"wp:attachment":[{"href":"https:\/\/mariehone.com\/it\/wp-json\/wp\/v2\/media?parent=7156"}],"wp:term":[{"taxonomy":"product_brand","embeddable":true,"href":"https:\/\/mariehone.com\/it\/wp-json\/wp\/v2\/product_brand?post=7156"},{"taxonomy":"product_cat","embeddable":true,"href":"https:\/\/mariehone.com\/it\/wp-json\/wp\/v2\/product_cat?post=7156"},{"taxonomy":"product_tag","embeddable":true,"href":"https:\/\/mariehone.com\/it\/wp-json\/wp\/v2\/product_tag?post=7156"}],"curies":[{"name":"wp","href":"https:\/\/api.w.org\/{rel}","templated":true}]}}