{"id":7157,"date":"2024-05-27T20:30:10","date_gmt":"2024-05-27T20:30:10","guid":{"rendered":"https:\/\/mariehone.com\/?post_type=product&#038;p=7157"},"modified":"2024-07-05T14:05:42","modified_gmt":"2024-07-05T11:05:42","slug":"eco-macrame","status":"publish","type":"product","link":"https:\/\/mariehone.com\/it\/prodotto\/eco-macrame\/","title":{"rendered":"Eco Macrame"},"content":{"rendered":"<p>Eco Macrame \u00e8 un filato sostenibile di medio spessore, adatto per lavori a maglia e all'uncinetto per progetti macrame, accessori per la casa, intrecci di cesti, borse e altro ancora.<br \/>\nIl filato Eco Macrame \u00e8 realizzato con materiali riciclati 100%, \u00e8 un filato morbido, sottile, resistente e accogliente. Si consiglia di cucire con 4-5 numeri di aghi da uncinetto.<br \/>\nNel catalogo Mariehone potete trovare circa 20 colori di filato Eco Macrame!<\/p>\n<p><strong>MACRAME ECO -<\/strong> <strong>Filato Eco Macrame di Mariehone (filato di cotone riciclato),<\/strong> ricavato da pezzi di tessuto di cotone che altrimenti verrebbero buttati via quando vengono tagliati per produrre magliette, riduce gli sprechi e conserva le risorse. Questi tagli sono ordinati per colore, <strong>tintura<\/strong> necessari per il filato finale.<\/p>\n<p>Il filato Eco-Macrame di Mariehone \u00e8 100% Cotone riciclato 250g. 225m.  Questo filato a forma di cordoncino \u00e8 stato appositamente studiato per la tessitura di oggetti di artigianato macrame openwork. \u00c8 adatto anche per l'uncinetto e la maglia. La linea di filati vi delizier\u00e0 con una vasta gamma di colori, <strong>tutti i colori dell'Eco Macrame<\/strong> sono perfettamente combinati tra loro. Sostenibile e morbido, questo filato di cotone \u00e8 piacevole per il corpo. Il filato di cotone Eco Macrame di Mariehone pu\u00f2 essere utilizzato per realizzare originali mantelli, scialli, borse e cappelli, ma anche progetti macrame.<\/p>\n<p><strong>Marchio Mariehone<\/strong> Eco-Macrame offre pi\u00f9 di 20 tipi di prodotti e una vasta scelta di colori. L'azienda segue le tendenze del mondo del ricamo e sviluppa regolarmente nuovi tipi di filati fantasia.<\/p>","protected":false},"excerpt":{"rendered":"<p><strong><span style=\"color: #000000;\">CONTENUTO E RACCOMANDATO:<\/span><\/strong><\/p>\n<ul>\n<li>80% Cotone riciclato, 20% Poliestere<\/li>\n<li>200 m Ogni palla da 250 gr<\/li>\n<li>2 mm - Sottile e resistente, flessibile e facile da lavorare<\/li>\n<li>Uncinetto 4-5 mm, gancio<\/li>\n<li>Oeke-tex certificato<\/li>\n<\/ul>\n<details close>\n<summary>dettagli dell'acquisto<\/summary>\n<div class=\"cg-accordion-item\">\n<ul>\n<li><strong>Quantit\u00e0 minima ordinabile (per colore):<\/strong> 50 Kg<\/li>\n<li><strong>Tempi di consegna:<\/strong> 20-30 giorni<\/li>\n<li><strong>Spedizione:<\/strong> Trasporto marittimo, trasporto ferroviario, trasporto aereo, trasporto stradale<\/li>\n<li><strong>Condizioni di pagamento:<\/strong> T\/T (bonifico bancario), L\/C (lettera di credito)<\/li>\n<\/ul>\n<\/div>\n<\/details>","protected":false},"featured_media":7190,"comment_status":"open","ping_status":"closed","template":"","meta":[],"product_brand":[],"product_cat":[50],"product_tag":[],"class_list":{"0":"post-7157","1":"product","2":"type-product","3":"status-publish","4":"has-post-thumbnail","6":"product_cat-recycled-yarns","8":"first","9":"instock","10":"shipping-taxable","11":"purchasable","12":"product-type-variable"},"_links":{"self":[{"href":"https:\/\/mariehone.com\/it\/wp-json\/wp\/v2\/product\/7157","targetHints":{"allow":["GET"]}}],"collection":[{"href":"https:\/\/mariehone.com\/it\/wp-json\/wp\/v2\/product"}],"about":[{"href":"https:\/\/mariehone.com\/it\/wp-json\/wp\/v2\/types\/product"}],"replies":[{"embeddable":true,"href":"https:\/\/mariehone.com\/it\/wp-json\/wp\/v2\/comments?post=7157"}],"version-history":[{"count":2,"href":"https:\/\/mariehone.com\/it\/wp-json\/wp\/v2\/product\/7157\/revisions"}],"predecessor-version":[{"id":8109,"href":"https:\/\/mariehone.com\/it\/wp-json\/wp\/v2\/product\/7157\/revisions\/8109"}],"wp:featuredmedia":[{"embeddable":true,"href":"https:\/\/mariehone.com\/it\/wp-json\/wp\/v2\/media\/7190"}],"wp:attachment":[{"href":"https:\/\/mariehone.com\/it\/wp-json\/wp\/v2\/media?parent=7157"}],"wp:term":[{"taxonomy":"product_brand","embeddable":true,"href":"https:\/\/mariehone.com\/it\/wp-json\/wp\/v2\/product_brand?post=7157"},{"taxonomy":"product_cat","embeddable":true,"href":"https:\/\/mariehone.com\/it\/wp-json\/wp\/v2\/product_cat?post=7157"},{"taxonomy":"product_tag","embeddable":true,"href":"https:\/\/mariehone.com\/it\/wp-json\/wp\/v2\/product_tag?post=7157"}],"curies":[{"name":"wp","href":"https:\/\/api.w.org\/{rel}","templated":true}]}}