{"id":7159,"date":"2024-05-27T20:30:11","date_gmt":"2024-05-27T20:30:11","guid":{"rendered":"https:\/\/mariehone.com\/?post_type=product&#038;p=7159"},"modified":"2024-07-05T14:05:24","modified_gmt":"2024-07-05T11:05:24","slug":"macrame-rope-4-mm","status":"publish","type":"product","link":"https:\/\/mariehone.com\/it\/prodotto\/macrame-rope-4-mm\/","title":{"rendered":"Corda Macrame 4 MM"},"content":{"rendered":"<p>Filato di corda per macrame, che \u00e8 sempre all'ordine del giorno e aggiunge divertimento ai nostri hobby - realizzato in 100% riciclato. Ideale per realizzare progetti di macrame come, ad esempio, lavori a mano, mode artigianali, decorazioni murali, tutto ci\u00f2 che vi viene in mente!<\/p>\n<p>Realizzato in cotone riciclato 100%, 3'ply, 250 gr 45 m per ogni gomitolo.<\/p>\n<p>Nel catalogo Mariehone potete trovare circa 31 colori di filati Macrame Rope!<\/p>\n<p>Il macram\u00e8 \u00e8 una forma di artigianato delle corde originaria del Sud America. \u00c8 noto anche come macram\u00e9 ed \u00e8 un tipo di arte delle corde annodate. Il macrame utilizza materiali naturali come fibre vegetali e materiali naturali per creare oggetti belli e utili. Il macrame viene realizzato annodando motivi intricati in una corda con pesi diversi per creare un disegno ornamentale. Il macrame \u00e8 uno sbocco creativo che pu\u00f2 aiutare le persone a esprimere se stesse.<\/p>\n<p>&nbsp;<\/p>","protected":false},"excerpt":{"rendered":"<p><strong><span style=\"color: #000000;\">CONTENUTO E RACCOMANDATO:<\/span><\/strong><\/p>\n<ul>\n<li>80% Cotone riciclato, 20% Poliestere<\/li>\n<li>45 m ogni palla da 250 gr<\/li>\n<li>Spessore di 4 mm, resistente, flessibile e facile da lavorare.<\/li>\n<li>Ago da 8-10 mm<\/li>\n<li>Certificato Oeke-tex<\/li>\n<\/ul>\n<details close>\n<summary>dettagli dell'acquisto<\/summary>\n<div class=\"cg-accordion-item\">\n<ul>\n<li><strong>Quantit\u00e0 minima ordinabile (per colore):<\/strong> 50 Kg<\/li>\n<li><strong>Tempi di consegna:<\/strong> 20-30 giorni<\/li>\n<li><strong>Spedizione:<\/strong> Trasporto marittimo, trasporto ferroviario, trasporto aereo, trasporto stradale<\/li>\n<li><strong>Condizioni di pagamento:<\/strong> T\/T (bonifico bancario), L\/C (lettera di credito)<\/li>\n<\/ul>\n<\/div>\n<\/details>","protected":false},"featured_media":7198,"comment_status":"open","ping_status":"closed","template":"","meta":[],"product_brand":[],"product_cat":[50],"product_tag":[],"class_list":{"0":"post-7159","1":"product","2":"type-product","3":"status-publish","4":"has-post-thumbnail","6":"product_cat-recycled-yarns","8":"first","9":"instock","10":"shipping-taxable","11":"purchasable","12":"product-type-variable"},"_links":{"self":[{"href":"https:\/\/mariehone.com\/it\/wp-json\/wp\/v2\/product\/7159","targetHints":{"allow":["GET"]}}],"collection":[{"href":"https:\/\/mariehone.com\/it\/wp-json\/wp\/v2\/product"}],"about":[{"href":"https:\/\/mariehone.com\/it\/wp-json\/wp\/v2\/types\/product"}],"replies":[{"embeddable":true,"href":"https:\/\/mariehone.com\/it\/wp-json\/wp\/v2\/comments?post=7159"}],"version-history":[{"count":2,"href":"https:\/\/mariehone.com\/it\/wp-json\/wp\/v2\/product\/7159\/revisions"}],"predecessor-version":[{"id":8103,"href":"https:\/\/mariehone.com\/it\/wp-json\/wp\/v2\/product\/7159\/revisions\/8103"}],"wp:featuredmedia":[{"embeddable":true,"href":"https:\/\/mariehone.com\/it\/wp-json\/wp\/v2\/media\/7198"}],"wp:attachment":[{"href":"https:\/\/mariehone.com\/it\/wp-json\/wp\/v2\/media?parent=7159"}],"wp:term":[{"taxonomy":"product_brand","embeddable":true,"href":"https:\/\/mariehone.com\/it\/wp-json\/wp\/v2\/product_brand?post=7159"},{"taxonomy":"product_cat","embeddable":true,"href":"https:\/\/mariehone.com\/it\/wp-json\/wp\/v2\/product_cat?post=7159"},{"taxonomy":"product_tag","embeddable":true,"href":"https:\/\/mariehone.com\/it\/wp-json\/wp\/v2\/product_tag?post=7159"}],"curies":[{"name":"wp","href":"https:\/\/api.w.org\/{rel}","templated":true}]}}