{"id":7161,"date":"2024-05-27T20:30:11","date_gmt":"2024-05-27T20:30:11","guid":{"rendered":"https:\/\/mariehone.com\/?post_type=product&#038;p=7161"},"modified":"2024-07-05T14:05:33","modified_gmt":"2024-07-05T11:05:33","slug":"macrame-twisted-rope-multicolor","status":"publish","type":"product","link":"https:\/\/mariehone.com\/it\/prodotto\/macrame-twisted-rope-multicolor\/","title":{"rendered":"Corda ritorta Macrame Multicolore"},"content":{"rendered":"<p>La corda ritorta per macram\u00e8 di Marihone - filato multicolore - \u00e8 la pi\u00f9 adatta per realizzare creazioni fai da te, grazie alle forme colorate che aggiungono divertimento ai nostri hobby.   Ideale per realizzare progetti di macrame, come la creazione di manufatti, di mode artigianali, di decorazioni murali, qualsiasi cosa vi venga in mente!<\/p>\n<p>Realizzato con materiali riciclati 100% - 250 gr 75 m per ogni pallina.<\/p>\n<p>Nel catalogo Mariehone potete trovare circa 5 colori di corda Macrame ritorta!<\/p>","protected":false},"excerpt":{"rendered":"<p><strong><span style=\"color: #000000;\">CONTENUTO E RACCOMANDATO:<\/span><\/strong><\/p>\n<ul>\n<li>80% Cotone riciclato, 20% Poliestere<\/li>\n<li>75 m ogni pallina da 250 gr<\/li>\n<li>Spessore di 4 mm, resistente, flessibile e facile da lavorare.<\/li>\n<li>Ago da 8-10 mm<\/li>\n<li>Certificato Oeke-tex<\/li>\n<\/ul>\n<details close>\n<summary>dettagli dell'acquisto<\/summary>\n<div class=\"cg-accordion-item\">\n<ul>\n<li><strong>Quantit\u00e0 minima ordinabile (per colore):<\/strong> 50 Kg<\/li>\n<li><strong>Tempi di consegna:<\/strong> 20-30 giorni<\/li>\n<li><strong>Spedizione:<\/strong> Trasporto marittimo, trasporto ferroviario, trasporto aereo, trasporto stradale<\/li>\n<li><strong>Condizioni di pagamento:<\/strong> T\/T (bonifico bancario), L\/C (lettera di credito)<\/li>\n<\/ul>\n<\/div>\n<\/details>","protected":false},"featured_media":7203,"comment_status":"open","ping_status":"closed","template":"","meta":[],"product_brand":[],"product_cat":[50],"product_tag":[],"class_list":{"0":"post-7161","1":"product","2":"type-product","3":"status-publish","4":"has-post-thumbnail","6":"product_cat-recycled-yarns","8":"first","9":"instock","10":"shipping-taxable","11":"purchasable","12":"product-type-variable"},"_links":{"self":[{"href":"https:\/\/mariehone.com\/it\/wp-json\/wp\/v2\/product\/7161","targetHints":{"allow":["GET"]}}],"collection":[{"href":"https:\/\/mariehone.com\/it\/wp-json\/wp\/v2\/product"}],"about":[{"href":"https:\/\/mariehone.com\/it\/wp-json\/wp\/v2\/types\/product"}],"replies":[{"embeddable":true,"href":"https:\/\/mariehone.com\/it\/wp-json\/wp\/v2\/comments?post=7161"}],"version-history":[{"count":2,"href":"https:\/\/mariehone.com\/it\/wp-json\/wp\/v2\/product\/7161\/revisions"}],"predecessor-version":[{"id":8107,"href":"https:\/\/mariehone.com\/it\/wp-json\/wp\/v2\/product\/7161\/revisions\/8107"}],"wp:featuredmedia":[{"embeddable":true,"href":"https:\/\/mariehone.com\/it\/wp-json\/wp\/v2\/media\/7203"}],"wp:attachment":[{"href":"https:\/\/mariehone.com\/it\/wp-json\/wp\/v2\/media?parent=7161"}],"wp:term":[{"taxonomy":"product_brand","embeddable":true,"href":"https:\/\/mariehone.com\/it\/wp-json\/wp\/v2\/product_brand?post=7161"},{"taxonomy":"product_cat","embeddable":true,"href":"https:\/\/mariehone.com\/it\/wp-json\/wp\/v2\/product_cat?post=7161"},{"taxonomy":"product_tag","embeddable":true,"href":"https:\/\/mariehone.com\/it\/wp-json\/wp\/v2\/product_tag?post=7161"}],"curies":[{"name":"wp","href":"https:\/\/api.w.org\/{rel}","templated":true}]}}