{"id":7164,"date":"2024-05-27T20:30:12","date_gmt":"2024-05-27T20:30:12","guid":{"rendered":"https:\/\/mariehone.com\/?post_type=product&#038;p=7164"},"modified":"2024-07-05T14:05:12","modified_gmt":"2024-07-05T11:05:12","slug":"macrame-coctel","status":"publish","type":"product","link":"https:\/\/mariehone.com\/it\/prodotto\/macrame-coctel\/","title":{"rendered":"Coctel Macrame"},"content":{"rendered":"<p>Macrame Coctel- \u00e8 il pi\u00f9 adatto per lavorare a maglia, all'uncinetto per progetti macrame, accessori per la casa, intrecci di cesti, borse e altri lavori manuali!<\/p>\n<p>Coctel Macrame \u00e8 un filato Eco Macrame realizzato con materiali riciclati 100%, grazie alle tonalit\u00e0 Remixed, che aggiunge divertimento ai nostri hobby.   \u00c8 un filato morbido, sottile, resistente e accogliente. Si consiglia di cucire con 4-5 numeri di aghi da uncinetto.<\/p>\n<p>Nel catalogo Mariehone \u00e8 possibile trovare circa 8 colori di filati Coctel per macram\u00e8.<\/p>","protected":false},"excerpt":{"rendered":"<p><strong><span style=\"color: #000000;\">CONTENUTO E RACCOMANDATO:<\/span><\/strong><\/p>\n<ul>\n<li>80% Cotone riciclato, 20% Poliestere<\/li>\n<li>200 m Ogni palla da 250 gr<\/li>\n<li>2 mm - Sottile e resistente, flessibile e facile da lavorare<\/li>\n<li>Uncinetto 4-5 mm, gancio<\/li>\n<li>Oeke-tex certificato<\/li>\n<\/ul>\n<details close>\n<summary>dettagli dell'acquisto<\/summary>\n<div class=\"cg-accordion-item\">\n<ul>\n<li><strong>Quantit\u00e0 minima ordinabile (per colore):<\/strong> 50 Kg<\/li>\n<li><strong>Tempi di consegna:<\/strong> 20-30 giorni<\/li>\n<li><strong>Spedizione:<\/strong> Trasporto marittimo, trasporto ferroviario, trasporto aereo, trasporto stradale<\/li>\n<li><strong>Condizioni di pagamento:<\/strong> T\/T (bonifico bancario), L\/C (lettera di credito)<\/li>\n<\/ul>\n<\/div>\n<\/details>","protected":false},"featured_media":7220,"comment_status":"open","ping_status":"closed","template":"","meta":[],"product_brand":[],"product_cat":[50],"product_tag":[],"class_list":{"0":"post-7164","1":"product","2":"type-product","3":"status-publish","4":"has-post-thumbnail","6":"product_cat-recycled-yarns","8":"first","9":"instock","10":"shipping-taxable","11":"purchasable","12":"product-type-variable"},"_links":{"self":[{"href":"https:\/\/mariehone.com\/it\/wp-json\/wp\/v2\/product\/7164","targetHints":{"allow":["GET"]}}],"collection":[{"href":"https:\/\/mariehone.com\/it\/wp-json\/wp\/v2\/product"}],"about":[{"href":"https:\/\/mariehone.com\/it\/wp-json\/wp\/v2\/types\/product"}],"replies":[{"embeddable":true,"href":"https:\/\/mariehone.com\/it\/wp-json\/wp\/v2\/comments?post=7164"}],"version-history":[{"count":2,"href":"https:\/\/mariehone.com\/it\/wp-json\/wp\/v2\/product\/7164\/revisions"}],"predecessor-version":[{"id":8099,"href":"https:\/\/mariehone.com\/it\/wp-json\/wp\/v2\/product\/7164\/revisions\/8099"}],"wp:featuredmedia":[{"embeddable":true,"href":"https:\/\/mariehone.com\/it\/wp-json\/wp\/v2\/media\/7220"}],"wp:attachment":[{"href":"https:\/\/mariehone.com\/it\/wp-json\/wp\/v2\/media?parent=7164"}],"wp:term":[{"taxonomy":"product_brand","embeddable":true,"href":"https:\/\/mariehone.com\/it\/wp-json\/wp\/v2\/product_brand?post=7164"},{"taxonomy":"product_cat","embeddable":true,"href":"https:\/\/mariehone.com\/it\/wp-json\/wp\/v2\/product_cat?post=7164"},{"taxonomy":"product_tag","embeddable":true,"href":"https:\/\/mariehone.com\/it\/wp-json\/wp\/v2\/product_tag?post=7164"}],"curies":[{"name":"wp","href":"https:\/\/api.w.org\/{rel}","templated":true}]}}