{"id":7170,"date":"2024-05-27T20:30:13","date_gmt":"2024-05-27T20:30:13","guid":{"rendered":"https:\/\/mariehone.com\/?post_type=product&#038;p=7170"},"modified":"2024-07-05T14:05:02","modified_gmt":"2024-07-05T11:05:02","slug":"coco","status":"publish","type":"product","link":"https:\/\/mariehone.com\/it\/prodotto\/coco\/","title":{"rendered":"Coco"},"content":{"rendered":"<p>Il filato COCO (Chunky Yarn) \u00e8 una spessa corda di cotone lavorata a mano per lavorare a maglia o tessere decorazioni e arredi per la casa. Ad esempio, pouf, tappeti, cuscini insoliti, imbottiture per sedie, coperte, ecc. L'aspetto \u00e8 quello di un morbido filo di lana. Composizione - \u00e8 un filato di cotone naturale lavorato a maglia ed \u00e8 riempito all'interno con fibra di poliestere. Il filato voluminoso Coco \u00e8 cos\u00ec rigoglioso, elastico e arioso. I prodotti che ne derivano hanno un aspetto molto moderno, ecologico e suggestivo.<\/p>\n<p>Con il filato Coco \u00e8 possibile realizzare accessori per la casa come coperte, tappetini, cuscini, accessori per la cameretta dei bambini.<\/p>\n<p>Questo filato super voluminoso \u00e8 morbido e adatto alla lavorazione a mano.<\/p>\n<p>Nel <a href=\"\/it\/catalog\/\">Catalogo Mariehone<\/a> \u00e8 possibile trovare circa 21 colori di filati Coco!<\/p>\n<h1>I filati Chunky sono una moda recente nel mondo della maglia.<\/h1>\n<p>I maglieristi hanno utilizzato i filati a maglia per realizzare accessori per la casa caldi e alla moda. Si \u00e8 persino sperimentato di creare capi d'abbigliamento con filati a maglia grossa. Il filato Chunky Coco \u00e8 una tecnica di lavorazione a mano che crea spessi fili di lana. Si tratta di un tipo di filato molto versatile che ha molti usi in casa.<\/p>\n<p>Le maglieriste utilizzano i filati a maglia per creare accessori unici per la casa, come coperte, tappetini, cuscini e coperte per bambini. Possono anche usare la lana per progetti per i loro animali domestici, come animali o giocattoli di peluche per i loro bambini. Il filato a maglia grossa permette di realizzare un progetto veloce quando si \u00e8 in difficolt\u00e0 e si \u00e8 disposti a sacrificare la qualit\u00e0 per la quantit\u00e0.<\/p>\n<p>Con il filato Coco si possono realizzare accessori per la casa come coperte, tappetini, cuscini, accessori per la cameretta dei bambini.<\/p>","protected":false},"excerpt":{"rendered":"<p><strong><span style=\"color: #000000;\">CONTENUTO E RACCOMANDATO:<\/span><\/strong><\/p>\n<ul>\n<li>60% Cotone, 40% Poliestere<\/li>\n<li>30 m ogni palla da 1000 gr<\/li>\n<li>2 - 2,5 cm - spessore, resistente, flessibile e facile da lavorare<\/li>\n<li>Lavorate a maglia con le mani!<\/li>\n<li>Certificato Oeke-tex<\/li>\n<\/ul>\n<details close>\n<summary>dettagli dell'acquisto<\/summary>\n<div class=\"cg-accordion-item\">\n<ul>\n<li><strong>Quantit\u00e0 minima ordinabile (per colore):<\/strong> 50 Kg<\/li>\n<li><strong>Tempi di consegna:<\/strong> 20-30 giorni<\/li>\n<li><strong>Spedizione:<\/strong> Trasporto marittimo, trasporto ferroviario, trasporto aereo, trasporto stradale<\/li>\n<li><strong>Condizioni di pagamento:<\/strong> T\/T (bonifico bancario), L\/C (lettera di credito)<\/li>\n<\/ul>\n<\/div>\n<\/details>","protected":false},"featured_media":7249,"comment_status":"open","ping_status":"closed","template":"","meta":[],"product_brand":[],"product_cat":[50],"product_tag":[],"class_list":{"0":"post-7170","1":"product","2":"type-product","3":"status-publish","4":"has-post-thumbnail","6":"product_cat-recycled-yarns","8":"first","9":"instock","10":"shipping-taxable","11":"purchasable","12":"product-type-variable"},"_links":{"self":[{"href":"https:\/\/mariehone.com\/it\/wp-json\/wp\/v2\/product\/7170","targetHints":{"allow":["GET"]}}],"collection":[{"href":"https:\/\/mariehone.com\/it\/wp-json\/wp\/v2\/product"}],"about":[{"href":"https:\/\/mariehone.com\/it\/wp-json\/wp\/v2\/types\/product"}],"replies":[{"embeddable":true,"href":"https:\/\/mariehone.com\/it\/wp-json\/wp\/v2\/comments?post=7170"}],"version-history":[{"count":2,"href":"https:\/\/mariehone.com\/it\/wp-json\/wp\/v2\/product\/7170\/revisions"}],"predecessor-version":[{"id":8097,"href":"https:\/\/mariehone.com\/it\/wp-json\/wp\/v2\/product\/7170\/revisions\/8097"}],"wp:featuredmedia":[{"embeddable":true,"href":"https:\/\/mariehone.com\/it\/wp-json\/wp\/v2\/media\/7249"}],"wp:attachment":[{"href":"https:\/\/mariehone.com\/it\/wp-json\/wp\/v2\/media?parent=7170"}],"wp:term":[{"taxonomy":"product_brand","embeddable":true,"href":"https:\/\/mariehone.com\/it\/wp-json\/wp\/v2\/product_brand?post=7170"},{"taxonomy":"product_cat","embeddable":true,"href":"https:\/\/mariehone.com\/it\/wp-json\/wp\/v2\/product_cat?post=7170"},{"taxonomy":"product_tag","embeddable":true,"href":"https:\/\/mariehone.com\/it\/wp-json\/wp\/v2\/product_tag?post=7170"}],"curies":[{"name":"wp","href":"https:\/\/api.w.org\/{rel}","templated":true}]}}